{"id":1914,"date":"2026-02-27T07:20:45","date_gmt":"2026-02-27T07:20:45","guid":{"rendered":"https:\/\/lurejunks4212.live-website.com\/?page_id=1914"},"modified":"2026-03-23T18:19:52","modified_gmt":"2026-03-23T18:19:52","slug":"datenschutz","status":"publish","type":"page","link":"https:\/\/www.lurejunks.de\/en\/datenschutz\/","title":{"rendered":"Data protection"},"content":{"rendered":"<p><strong>Privacy policy<\/strong><\/p>\n\n\n\n<p>1. Datenschutz auf einen Blick<br>Allgemeine Hinweise<br>Die folgenden Hinweise geben einen einfachen \u00dcberblick dar\u00fcber, was mit Ihren personenbezogenen Daten passiert, wenn Sie diese Website besuchen.<br>Personenbezogene Daten sind alle Daten, mit denen Sie pers\u00f6nlich identifiziert werden k\u00f6nnen.<br>Ausf\u00fchrliche Informationen zum Thema Datenschutz entnehmen Sie unserer unter diesem Text aufgef\u00fchrten Datenschutzerkl\u00e4rung.<br>Datenerfassung auf dieser Website<br><strong>Wer ist verantwortlich f\u00fcr die Datenerfassung auf dieser Website?<\/strong><br>Die Datenverarbeitung auf dieser Website erfolgt durch den Websitebetreiber.<br>Dessen Kontaktdaten k\u00f6nnen Sie dem Abschnitt \u201eHinweis zur verantwortlichen Stelle\u201c in dieser Datenschutzerkl\u00e4rung entnehmen.<br><strong>Wie erfassen wir Ihre Daten?<\/strong><br>Ihre Daten werden zum einen dadurch erhoben, dass Sie uns diese mitteilen. Hierbei kann es sich z. B. um Daten handeln, die Sie in ein Kontaktformular eingeben.<br>Andere Daten werden automatisch oder nach Ihrer Einwilligung beim Besuch der Website durch unsere IT-Systeme erfasst.<br>Das sind vor allem technische Daten (z. B. Internetbrowser, Betriebssystem oder Uhrzeit des Seitenaufrufs). Die Erfassung dieser Daten erfolgt automatisch, sobald Sie diese Website betreten.<br><strong>Wof\u00fcr nutzen wir Ihre Daten?<\/strong><br>Ein Teil der Daten wird erhoben, um eine fehlerfreie Bereitstellung der Website zu gew\u00e4hrleisten.<br>Andere Daten k\u00f6nnen zur Analyse Ihres Nutzerverhaltens verwendet werden.<br>Sofern \u00fcber die Website Vertr\u00e4ge geschlossen oder angebahnt werden k\u00f6nnen, werden die \u00fcbermittelten Daten auch f\u00fcr Vertragsangebote, Bestellungen oder sonstige Auftragsanfragen verarbeitet.<br><strong>Welche Rechte haben Sie bez\u00fcglich Ihrer Daten?<\/strong><br>Sie haben jederzeit das Recht, unentgeltlich Auskunft \u00fcber Herkunft, Empf\u00e4nger und Zweck Ihrer gespeicherten personenbezogenen Daten zu erhalten.<br>Sie haben au\u00dferdem ein Recht, die Berichtigung oder L\u00f6schung dieser Daten zu verlangen.<br>Wenn Sie eine Einwilligung zur Datenverarbeitung erteilt haben, k\u00f6nnen Sie diese Einwilligung jederzeit f\u00fcr die Zukunft widerrufen.<br>Au\u00dferdem haben Sie das Recht, unter bestimmten Umst\u00e4nden die Einschr\u00e4nkung der Verarbeitung Ihrer personenbezogenen Daten zu verlangen.<br>Des Weiteren steht Ihnen ein Beschwerderecht bei der zust\u00e4ndigen Aufsichtsbeh\u00f6rde zu.<br>Hierzu sowie zu weiteren Fragen zum Thema Datenschutz k\u00f6nnen Sie sich jederzeit an uns wenden.<br>Analyse-Tools und Tools von Drittanbietern<br>Beim Besuch dieser Website kann Ihr Surf-Verhalten statistisch ausgewertet werden.<br>Das geschieht vor allem mit sogenannten Analyseprogrammen.<br>Detaillierte Informationen zu diesen Analyseprogrammen finden Sie in der folgenden Datenschutzerkl\u00e4rung.<br><br>2. Hosting<br>Wir hosten die Inhalte unserer Website bei folgendem Anbieter:<br><strong>IONOS<\/strong><br>Anbieter ist die IONOS SE, Elgendorfer Str. 57, 56410 Montabaur (nachfolgend IONOS).<br>Wenn Sie unsere Website besuchen, erfasst IONOS verschiedene Logfiles inklusive Ihrer IP-Adressen.<br>Details entnehmen Sie der Datenschutzerkl\u00e4rung von IONOS:&nbsp;<a href=\"https:\/\/www.ionos.de\/terms-gtc\/terms-privacy\" target=\"_blank\" rel=\"noreferrer noopener\">https:\/\/www.ionos.de\/terms-gtc\/terms-privacy<\/a><br>Die Verwendung von IONOS erfolgt auf Grundlage von Art. 6 Abs. 1 lit. f DSGVO.<br>Wir haben ein berechtigtes Interesse an einer m\u00f6glichst zuverl\u00e4ssigen Darstellung unserer Website.<br>Sofern eine entsprechende Einwilligung abgefragt wurde, erfolgt die Verarbeitung ausschlie\u00dflich auf Grundlage von Art. 6 Abs. 1 lit. a DSGVO und \u00a7 25 Abs. 1 TDDDG, soweit die Einwilligung die Speicherung von Cookies oder den Zugriff auf Informationen im Endger\u00e4t des Nutzers umfasst. Die Einwilligung ist jederzeit widerrufbar.<br>Auftragsverarbeitung<br>Wir haben einen Vertrag \u00fcber Auftragsverarbeitung (AVV) zur Nutzung des oben genannten Dienstes geschlossen.<br>Hierbei handelt es sich um einen datenschutzrechtlich vorgeschriebenen Vertrag, der gew\u00e4hrleistet, dass dieser die personenbezogenen Daten unserer Websitebesucher nur nach unseren Weisungen und unter Einhaltung der DSGVO verarbeitet.<br><br>3. Allgemeine Hinweise und Pflichtinformationen<br>Data protection<br>Die Betreiber dieser Seiten nehmen den Schutz Ihrer pers\u00f6nlichen Daten sehr ernst.<br>Wir behandeln Ihre personenbezogenen Daten vertraulich und entsprechend den gesetzlichen Datenschutzvorschriften sowie dieser Datenschutzerkl\u00e4rung.<br>Wenn Sie diese Website benutzen, werden verschiedene personenbezogene Daten erhoben.<br>Personenbezogene Daten sind Daten, mit denen Sie pers\u00f6nlich identifiziert werden k\u00f6nnen.<br>Die vorliegende Datenschutzerkl\u00e4rung erl\u00e4utert, welche Daten wir erheben und wof\u00fcr wir sie nutzen.<br>Sie erl\u00e4utert auch, wie und zu welchem Zweck das geschieht.<br>Wir weisen darauf hin, dass die Daten\u00fcbertragung im Internet (z. B. bei der Kommunikation per E-Mail) Sicherheitsl\u00fccken aufweisen kann.<br>Ein l\u00fcckenloser Schutz der Daten vor dem Zugriff durch Dritte ist nicht m\u00f6glich.<br>Hinweis zur verantwortlichen Stelle<\/p>\n\n\n\n<p><br>Die verantwortliche Stelle f\u00fcr die Datenverarbeitung auf dieser Website ist:<br>Lurejunks GmbH<br>Gesch\u00e4ftsf\u00fchrer: Marco Schn\u00fcckel, Kunibert Kullmann, Niclas Henrichs<\/p>\n\n\n\n<p>Hasenpfuhlstra\u00dfe 38c<br>67346 Speyer<br>Deutschland<\/p>\n\n\n\n<p>Tel.: +49 6232 6580239<br>E\u2011Mail:&nbsp;<a href=\"mailto:info@lurejunks.de\">info@lurejunks.de<\/a><\/p>\n\n\n\n<p>Registergericht: Amtsgericht Ludwigshafen am Rhein<br>Registernummer: HRB 68027<\/p>\n\n\n\n<p>Umsatzsteuer-Identifikationsnummer gem\u00e4\u00df \u00a7 27a UStG: DE351102117<br>Dieses Impressum gilt auch f\u00fcr folgende Social Media Profile:<br>&#8211; Instagram:&nbsp;<a href=\"https:\/\/www.instagram.com\/lurejunks.de\/\" target=\"_blank\" rel=\"noreferrer noopener\">https:\/\/www.instagram.com\/lurejunks.de\/<\/a><br>&#8211; Facebook:&nbsp;<a href=\"https:\/\/www.facebook.com\/LUREJUNKS\/\" target=\"_blank\" rel=\"noreferrer noopener\">https:\/\/www.facebook.com\/LUREJUNKS\/<\/a><br>&#8211; Youtube:&nbsp;<a href=\"https:\/\/www.youtube.com\/channel\/UC72ljXxPHLs7i4bUo3astVw\" target=\"_blank\" rel=\"noreferrer noopener\">https:\/\/www.youtube.com\/channel\/UC72ljXxPHLs7i4bUo3astVw<\/a><\/p>\n\n\n\n<p>Wir sind nicht bereit und nicht verpflichtet, an einem Streitbeilegungsverfahren vor einer Verbraucherschlichtungsstelle teilzunehmen.<\/p>\n\n\n\n<p>Steuernummer: 41\/652\/16837<\/p>\n\n\n\n<p><br>Verantwortliche Stelle ist die nat\u00fcrliche oder juristische Person, die allein oder gemeinsam mit anderen \u00fcber die Zwecke und Mittel der Verarbeitung von personenbezogenen Daten entscheidet.<br>Speicherdauer<br>Soweit innerhalb dieser Datenschutzerkl\u00e4rung keine speziellere Speicherdauer genannt wurde, verbleiben Ihre personenbezogenen Daten bei uns, bis der Zweck f\u00fcr die Datenverarbeitung entf\u00e4llt.<br>Wenn Sie ein berechtigtes L\u00f6schersuchen geltend machen oder eine Einwilligung zur Datenverarbeitung widerrufen, werden Ihre Daten gel\u00f6scht, sofern wir keine anderen rechtlich zul\u00e4ssigen Gr\u00fcnde f\u00fcr die Speicherung haben.<br>Allgemeine Hinweise zu den Rechtsgrundlagen<br>Sofern Sie in die Datenverarbeitung eingewilligt haben, verarbeiten wir Ihre personenbezogenen Daten auf Grundlage von Art. 6 Abs. 1 lit. a DSGVO.<br>Zur Vertragserf\u00fcllung oder Durchf\u00fchrung vorvertraglicher Ma\u00dfnahmen: Art. 6 Abs. 1 lit. b DSGVO.<br>Zur Erf\u00fcllung einer rechtlichen Verpflichtung: Art. 6 Abs. 1 lit. c DSGVO.<br>Auf Grundlage unseres berechtigten Interesses: Art. 6 Abs. 1 lit. f DSGVO.<br>Empf\u00e4nger von personenbezogenen Daten<br>Im Rahmen unserer Gesch\u00e4ftst\u00e4tigkeit arbeiten wir mit verschiedenen externen Stellen zusammen.<br>Eine \u00dcbermittlung personenbezogener Daten erfolgt nur, wenn dies zur Vertragserf\u00fcllung erforderlich ist, eine gesetzliche Verpflichtung besteht, ein berechtigtes Interesse vorliegt oder eine andere Rechtsgrundlage dies erlaubt.<br>Widerruf Ihrer Einwilligung<br>Sie k\u00f6nnen eine erteilte Einwilligung jederzeit f\u00fcr die Zukunft widerrufen.<br>Widerspruchsrecht (Art. 21 DSGVO)<br>Sie haben das Recht, gegen die Verarbeitung Ihrer personenbezogenen Daten Widerspruch einzulegen, wenn besondere Gr\u00fcnde vorliegen oder die Datenverarbeitung Direktwerbung betrifft.<br>Beschwerderecht<br>Im Falle von Verst\u00f6\u00dfen gegen die DSGVO steht Ihnen ein Beschwerderecht bei einer Aufsichtsbeh\u00f6rde zu.<br>Recht auf Daten\u00fcbertragbarkeit<br>Sie haben das Recht, Daten, die wir auf Grundlage Ihrer Einwilligung oder in Erf\u00fcllung eines Vertrags automatisiert verarbeiten, an sich oder an einen Dritten in einem g\u00e4ngigen Format aush\u00e4ndigen zu lassen.<br>Auskunft, Berichtigung, L\u00f6schung<br>Sie haben jederzeit das Recht auf unentgeltliche Auskunft \u00fcber Ihre gespeicherten Daten, deren Herkunft und Empf\u00e4nger sowie den Zweck der Verarbeitung.<br>Einschr\u00e4nkung der Verarbeitung<br>Sie k\u00f6nnen in bestimmten F\u00e4llen die Einschr\u00e4nkung der Verarbeitung Ihrer personenbezogenen Daten verlangen.<br>SSL-\/TLS-Verschl\u00fcsselung<br>Diese Seite nutzt aus Sicherheitsgr\u00fcnden SSL-\/TLS-Verschl\u00fcsselung.<br>Widerspruch gegen Werbe-Mails<br>Der Nutzung von im Rahmen der Impressumspflicht ver\u00f6ffentlichten Kontaktdaten zur \u00dcbersendung von Werbung wird widersprochen.<br><br>4. Datenerfassung auf dieser Website<br>Cookies<br>Unsere Website verwendet Cookies. Session-Cookies werden automatisch gel\u00f6scht, permanente Cookies bleiben gespeichert, bis Sie diese l\u00f6schen.<br>Cookies k\u00f6nnen von uns oder Drittanbietern stammen.<br>Technisch notwendige Cookies werden auf Grundlage von Art. 6 Abs. 1 lit. f DSGVO gespeichert.<br>Andere Cookies nur mit Einwilligung (Art. 6 Abs. 1 lit. a DSGVO, \u00a7 25 TDDDG).<br>Server-Log-Dateien<br>Unser Provider erhebt und speichert automatisch Informationen in Log-Dateien:<br>Browsertyp und Version<br>Betriebssystem<br>Referrer URL<br>Hostname des zugreifenden Rechners<br>Uhrzeit der Serveranfrage<br>IP-Adresse<br>Kontaktformular<br>Wenn Sie uns \u00fcber das Formular kontaktieren, werden Ihre Angaben inklusive Kontaktdaten gespeichert.<br><br>5. Soziale Medien<br>Instagram<br>Unsere Website bindet Funktionen von Instagram ein.<br>Anbieter: Meta Platforms Ireland Limited, Dublin.<br>Wenn Sie eingeloggt sind, kann Instagram den Besuch unserer Website Ihrem Profil zuordnen.<br>Weitere Infos:\u00a0<a href=\"https:\/\/privacycenter.instagram.com\/policy\/\" target=\"_blank\" rel=\"noreferrer noopener\">https:\/\/privacycenter.instagram.com\/policy\/<\/a><br><br>6. Analyse-Tools und Werbung<br>Matomo<br>Wir nutzen den Webanalysedienst\u00a0<strong>Matomo<\/strong>.<br>Die IP-Adresse wird anonymisiert, Cookies werden nicht gesetzt.<br>IONOS WebAnalytics<br>Anbieter: IONOS SE.<br>Es erfolgt eine vollst\u00e4ndig anonymisierte Erfassung von Besucherzahlen, Quellen und technischen Daten.<br><br>7. Plugins und Tools<br>YouTube (erweiterter Datenschutz)<br>Anbieter: Google Ireland Ltd., Dublin.<br>Videos werden im erweiterten Datenschutzmodus eingebunden.<br>Google Maps<br>Anbieter: Google Ireland Ltd., Dublin.<br>Zur Nutzung ist die Speicherung Ihrer IP-Adresse notwendig.<br>Google reCAPTCHA<br>Dient der Erkennung von Bots bei Formulareingaben.<br>Friendly Captcha<br>Anbieter: Friendly Captcha GmbH, Deutschland.<br>Sch\u00fctzt Formulare vor Spam und Missbrauch.<br><br>8. Quelle<br>Diese Datenschutzerkl\u00e4rung wurde mit dem Generator von\u00a0<a href=\"https:\/\/www.e-recht24.de\/\" target=\"_blank\" rel=\"noreferrer noopener\">e-recht24.de<\/a>\u00a0erstellt und f\u00fcr\u00a0<strong>LureJunks.de \u2013 LureJunks GmbH<\/strong>\u00a0angepasst.<\/p>","protected":false},"excerpt":{"rendered":"<p>Datenschutzerkl\u00e4rung 1. Datenschutz auf einen BlickAllgemeine HinweiseDie folgenden Hinweise geben einen einfachen \u00dcberblick dar\u00fcber, was mit Ihren personenbezogenen Daten passiert, wenn Sie diese Website besuchen.Personenbezogene Daten sind alle Daten, mit denen Sie pers\u00f6nlich identifiziert werden k\u00f6nnen.Ausf\u00fchrliche Informationen zum Thema Datenschutz entnehmen Sie unserer unter diesem Text aufgef\u00fchrten Datenschutzerkl\u00e4rung.Datenerfassung auf dieser WebsiteWer ist verantwortlich f\u00fcr die&#8230;<\/p>","protected":false},"author":1,"featured_media":0,"parent":0,"menu_order":0,"comment_status":"closed","ping_status":"closed","template":"","meta":{"_kad_blocks_custom_css":"","_kad_blocks_head_custom_js":"","_kad_blocks_body_custom_js":"","_kad_blocks_footer_custom_js":"","_kadence_starter_templates_imported_post":false,"_kad_post_transparent":"","_kad_post_title":"","_kad_post_layout":"","_kad_post_sidebar_id":"","_kad_post_content_style":"","_kad_post_vertical_padding":"","_kad_post_feature":"","_kad_post_feature_position":"","_kad_post_header":false,"_kad_post_footer":false,"_kad_post_classname":"","footnotes":""},"class_list":["post-1914","page","type-page","status-publish","hentry"],"taxonomy_info":[],"featured_image_src_large":false,"author_info":{"display_name":"admin","author_link":"https:\/\/www.lurejunks.de\/en\/author\/admin\/"},"comment_info":0,"_links":{"self":[{"href":"https:\/\/www.lurejunks.de\/en\/wp-json\/wp\/v2\/pages\/1914","targetHints":{"allow":["GET"]}}],"collection":[{"href":"https:\/\/www.lurejunks.de\/en\/wp-json\/wp\/v2\/pages"}],"about":[{"href":"https:\/\/www.lurejunks.de\/en\/wp-json\/wp\/v2\/types\/page"}],"author":[{"embeddable":true,"href":"https:\/\/www.lurejunks.de\/en\/wp-json\/wp\/v2\/users\/1"}],"replies":[{"embeddable":true,"href":"https:\/\/www.lurejunks.de\/en\/wp-json\/wp\/v2\/comments?post=1914"}],"version-history":[{"count":3,"href":"https:\/\/www.lurejunks.de\/en\/wp-json\/wp\/v2\/pages\/1914\/revisions"}],"predecessor-version":[{"id":2204,"href":"https:\/\/www.lurejunks.de\/en\/wp-json\/wp\/v2\/pages\/1914\/revisions\/2204"}],"wp:attachment":[{"href":"https:\/\/www.lurejunks.de\/en\/wp-json\/wp\/v2\/media?parent=1914"}],"curies":[{"name":"wp","href":"https:\/\/api.w.org\/{rel}","templated":true}]}}