{"id":2036,"date":"2026-02-27T07:21:29","date_gmt":"2026-02-27T07:21:29","guid":{"rendered":"https:\/\/lurejunks4212.live-website.com\/?page_id=2036"},"modified":"2026-02-27T07:21:30","modified_gmt":"2026-02-27T07:21:30","slug":"impressum","status":"publish","type":"page","link":"https:\/\/www.lurejunks.de\/en\/impressum\/","title":{"rendered":"Imprint"},"content":{"rendered":"<p>Imprint<\/p>\n\n\n\n<p>Lurejunks GmbH<br>Gesch\u00e4ftsf\u00fchrer: Marco Schn\u00fcckel, Kunibert Kullmann, Niclas Henrichs<\/p>\n\n\n\n<p>Hasenpfuhlstra\u00dfe 38c<br>67346 Speyer<br>Deutschland<\/p>\n\n\n\n<p>Tel.: +49 6232 6580239<br>E\u2011Mail:&nbsp;<a href=\"mailto:info@lurejunks.de\">info@lurejunks.de<\/a><\/p>\n\n\n\n<p>Registergericht: Amtsgericht Ludwigshafen am Rhein<br>Registernummer: HRB 68027<\/p>\n\n\n\n<p>Umsatzsteuer-Identifikationsnummer gem\u00e4\u00df \u00a7 27a UStG: DE351102117<br>Dieses Impressum gilt auch f\u00fcr folgende Social Media Profile:<br>&#8211; Instagram:&nbsp;<a href=\"https:\/\/www.instagram.com\/lurejunks.de\/\" target=\"_blank\" rel=\"noreferrer noopener\">https:\/\/www.instagram.com\/lurejunks.de\/<\/a><br>&#8211; Facebook:&nbsp;<a href=\"https:\/\/www.facebook.com\/LUREJUNKS\/\" target=\"_blank\" rel=\"noreferrer noopener\">https:\/\/www.facebook.com\/LUREJUNKS\/<\/a><br>&#8211; Youtube:&nbsp;<a href=\"https:\/\/www.youtube.com\/channel\/UC72ljXxPHLs7i4bUo3astVw\" target=\"_blank\" rel=\"noreferrer noopener\">https:\/\/www.youtube.com\/channel\/UC72ljXxPHLs7i4bUo3astVw<\/a><\/p>\n\n\n\n<p>Wir sind nicht bereit und nicht verpflichtet, an einem Streitbeilegungsverfahren vor einer Verbraucherschlichtungsstelle teilzunehmen.<\/p>\n\n\n\n<p>Steuernummer: 41\/652\/16837<\/p>","protected":false},"excerpt":{"rendered":"<p>Impressum Lurejunks GmbHGesch\u00e4ftsf\u00fchrer: Marco Schn\u00fcckel, Kunibert Kullmann, Niclas Henrichs Hasenpfuhlstra\u00dfe 38c67346 SpeyerDeutschland Tel.: +49 6232 6580239E\u2011Mail:&nbsp;info@lurejunks.de Registergericht: Amtsgericht Ludwigshafen am RheinRegisternummer: HRB 68027 Umsatzsteuer-Identifikationsnummer gem\u00e4\u00df \u00a7 27a UStG: DE351102117Dieses Impressum gilt auch f\u00fcr folgende Social Media Profile:&#8211; Instagram:&nbsp;https:\/\/www.instagram.com\/lurejunks.de\/&#8211; Facebook:&nbsp;https:\/\/www.facebook.com\/LUREJUNKS\/&#8211; Youtube:&nbsp;https:\/\/www.youtube.com\/channel\/UC72ljXxPHLs7i4bUo3astVw Wir sind nicht bereit und nicht verpflichtet, an einem Streitbeilegungsverfahren vor einer Verbraucherschlichtungsstelle teilzunehmen. Steuernummer:&#8230;<\/p>","protected":false},"author":1,"featured_media":0,"parent":0,"menu_order":0,"comment_status":"closed","ping_status":"closed","template":"","meta":{"_kad_blocks_custom_css":"","_kad_blocks_head_custom_js":"","_kad_blocks_body_custom_js":"","_kad_blocks_footer_custom_js":"","_kadence_starter_templates_imported_post":false,"_kad_post_transparent":"","_kad_post_title":"","_kad_post_layout":"","_kad_post_sidebar_id":"","_kad_post_content_style":"","_kad_post_vertical_padding":"","_kad_post_feature":"","_kad_post_feature_position":"","_kad_post_header":false,"_kad_post_footer":false,"_kad_post_classname":"","footnotes":""},"class_list":["post-2036","page","type-page","status-publish","hentry"],"taxonomy_info":[],"featured_image_src_large":false,"author_info":{"display_name":"admin","author_link":"https:\/\/www.lurejunks.de\/en\/author\/admin\/"},"comment_info":0,"_links":{"self":[{"href":"https:\/\/www.lurejunks.de\/en\/wp-json\/wp\/v2\/pages\/2036","targetHints":{"allow":["GET"]}}],"collection":[{"href":"https:\/\/www.lurejunks.de\/en\/wp-json\/wp\/v2\/pages"}],"about":[{"href":"https:\/\/www.lurejunks.de\/en\/wp-json\/wp\/v2\/types\/page"}],"author":[{"embeddable":true,"href":"https:\/\/www.lurejunks.de\/en\/wp-json\/wp\/v2\/users\/1"}],"replies":[{"embeddable":true,"href":"https:\/\/www.lurejunks.de\/en\/wp-json\/wp\/v2\/comments?post=2036"}],"version-history":[{"count":1,"href":"https:\/\/www.lurejunks.de\/en\/wp-json\/wp\/v2\/pages\/2036\/revisions"}],"predecessor-version":[{"id":2037,"href":"https:\/\/www.lurejunks.de\/en\/wp-json\/wp\/v2\/pages\/2036\/revisions\/2037"}],"wp:attachment":[{"href":"https:\/\/www.lurejunks.de\/en\/wp-json\/wp\/v2\/media?parent=2036"}],"curies":[{"name":"wp","href":"https:\/\/api.w.org\/{rel}","templated":true}]}}