{"id":2041,"date":"2026-02-27T07:38:36","date_gmt":"2026-02-27T07:38:36","guid":{"rendered":"https:\/\/lurejunks4212.live-website.com\/?page_id=2041"},"modified":"2026-03-20T18:42:30","modified_gmt":"2026-03-20T18:42:30","slug":"haendler","status":"publish","type":"page","link":"https:\/\/www.lurejunks.de\/en\/haendler\/","title":{"rendered":"Trader"},"content":{"rendered":"<style>.wp-block-kadence-advancedheading.kt-adv-heading2041_bc7dd1-29, .wp-block-kadence-advancedheading.kt-adv-heading2041_bc7dd1-29[data-kb-block=\"kb-adv-heading2041_bc7dd1-29\"]{text-align:center;font-style:normal;text-transform:none;}.wp-block-kadence-advancedheading.kt-adv-heading2041_bc7dd1-29 mark.kt-highlight, .wp-block-kadence-advancedheading.kt-adv-heading2041_bc7dd1-29[data-kb-block=\"kb-adv-heading2041_bc7dd1-29\"] mark.kt-highlight{font-style:normal;color:#f76a0c;-webkit-box-decoration-break:clone;box-decoration-break:clone;padding-top:0px;padding-right:0px;padding-bottom:0px;padding-left:0px;}.wp-block-kadence-advancedheading.kt-adv-heading2041_bc7dd1-29 img.kb-inline-image, .wp-block-kadence-advancedheading.kt-adv-heading2041_bc7dd1-29[data-kb-block=\"kb-adv-heading2041_bc7dd1-29\"] img.kb-inline-image{width:150px;vertical-align:baseline;}<\/style>\n<h2 class=\"kt-adv-heading2041_bc7dd1-29 wp-block-kadence-advancedheading\" data-kb-block=\"kb-adv-heading2041_bc7dd1-29\">H\u00e4ndler in deiner N\u00e4he.<\/h2>\n\n\n<style>.kb-row-layout-id2041_f603c7-03 > .kt-row-column-wrap{align-content:start;}:where(.kb-row-layout-id2041_f603c7-03 > .kt-row-column-wrap) > .wp-block-kadence-column{justify-content:start;}.kb-row-layout-id2041_f603c7-03 > .kt-row-column-wrap{column-gap:var(--global-kb-gap-none, 0rem );row-gap:var(--global-kb-gap-none, 0rem );max-width:var( --global-content-width, 1290px );padding-left:var(--global-content-edge-padding);padding-right:var(--global-content-edge-padding);padding-top:0px;padding-bottom:var(--global-kb-spacing-sm, 1.5rem);grid-template-columns:minmax(0, 1fr);}.kb-row-layout-id2041_f603c7-03{border-bottom:2px solid var(--global-palette3, #1A202C);}.kb-row-layout-id2041_f603c7-03 > .kt-row-layout-overlay{opacity:0.30;}@media all and (max-width: 1024px){.kb-row-layout-id2041_f603c7-03 > .kt-row-column-wrap{grid-template-columns:minmax(0, 1fr);}}@media all and (max-width: 1024px){.kb-row-layout-id2041_f603c7-03{border-bottom:2px solid var(--global-palette3, #1A202C);}}@media all and (max-width: 767px){.kb-row-layout-id2041_f603c7-03 > .kt-row-column-wrap{grid-template-columns:minmax(0, 1fr);}.kb-row-layout-id2041_f603c7-03{border-bottom:2px solid var(--global-palette3, #1A202C);}}<\/style><div class=\"kb-row-layout-wrap kb-row-layout-id2041_f603c7-03 alignfull has-theme-palette7-background-color kt-row-has-bg wp-block-kadence-rowlayout\"><div class=\"kt-row-column-wrap kt-has-1-columns kt-row-layout-equal kt-tab-layout-inherit kt-mobile-layout-row kt-row-valign-top kb-theme-content-width\">\n<style>.kadence-column2041_f5f039-83 > .kt-inside-inner-col,.kadence-column2041_f5f039-83 > .kt-inside-inner-col:before{border-top-left-radius:0px;border-top-right-radius:0px;border-bottom-right-radius:0px;border-bottom-left-radius:0px;}.kadence-column2041_f5f039-83 > .kt-inside-inner-col{column-gap:var(--global-kb-gap-sm, 1rem);}.kadence-column2041_f5f039-83 > .kt-inside-inner-col{flex-direction:column;}.kadence-column2041_f5f039-83 > .kt-inside-inner-col > .aligncenter{width:100%;}.kadence-column2041_f5f039-83 > .kt-inside-inner-col:before{opacity:0.3;}.kadence-column2041_f5f039-83{position:relative;}@media all and (max-width: 1024px){.kadence-column2041_f5f039-83 > .kt-inside-inner-col{flex-direction:column;justify-content:center;}}@media all and (max-width: 767px){.kadence-column2041_f5f039-83 > .kt-inside-inner-col{flex-direction:column;justify-content:center;}}<\/style>\n<div class=\"wp-block-kadence-column kadence-column2041_f5f039-83\"><div class=\"kt-inside-inner-col\"><style>.wp-block-kadence-advancedheading.kt-adv-heading2041_3b3539-e5, .wp-block-kadence-advancedheading.kt-adv-heading2041_3b3539-e5[data-kb-block=\"kb-adv-heading2041_3b3539-e5\"]{text-align:center;font-style:normal;}.wp-block-kadence-advancedheading.kt-adv-heading2041_3b3539-e5 mark.kt-highlight, .wp-block-kadence-advancedheading.kt-adv-heading2041_3b3539-e5[data-kb-block=\"kb-adv-heading2041_3b3539-e5\"] mark.kt-highlight{font-style:normal;color:#f76a0c;-webkit-box-decoration-break:clone;box-decoration-break:clone;padding-top:0px;padding-right:0px;padding-bottom:0px;padding-left:0px;}.wp-block-kadence-advancedheading.kt-adv-heading2041_3b3539-e5 img.kb-inline-image, .wp-block-kadence-advancedheading.kt-adv-heading2041_3b3539-e5[data-kb-block=\"kb-adv-heading2041_3b3539-e5\"] img.kb-inline-image{width:150px;vertical-align:baseline;}<\/style>\n<p class=\"kt-adv-heading2041_3b3539-e5 wp-block-kadence-advancedheading\" data-kb-block=\"kb-adv-heading2041_3b3539-e5\">Unsere Produkte bekommst du nicht im Direktvertrieb, sondern im gut sortierten Fachhandel in ganz Europa.<br><strong>Du bist H\u00e4ndler<\/strong> und m\u00f6chtest Lurejunks ins Sortiment aufnehmen?<br>Dann kontaktiere uns gerne.<\/p>\n<\/div><\/div>\n\n<\/div><\/div>\n\n<style>.wp-block-kadence-advancedbtn.kb-btns2041_19f1ba-af{gap:var(--global-kb-gap-xs, 0.5rem );justify-content:center;align-items:center;}.kt-btns2041_19f1ba-af .kt-button{font-weight:normal;font-style:normal;}.kt-btns2041_19f1ba-af .kt-btn-wrap-0{margin-right:5px;}.wp-block-kadence-advancedbtn.kt-btns2041_19f1ba-af .kt-btn-wrap-0 .kt-button{color:#555555;border-color:#555555;}.wp-block-kadence-advancedbtn.kt-btns2041_19f1ba-af .kt-btn-wrap-0 .kt-button:hover, .wp-block-kadence-advancedbtn.kt-btns2041_19f1ba-af .kt-btn-wrap-0 .kt-button:focus{color:#ffffff;border-color:#444444;}.wp-block-kadence-advancedbtn.kt-btns2041_19f1ba-af .kt-btn-wrap-0 .kt-button::before{display:none;}.wp-block-kadence-advancedbtn.kt-btns2041_19f1ba-af .kt-btn-wrap-0 .kt-button:hover, .wp-block-kadence-advancedbtn.kt-btns2041_19f1ba-af .kt-btn-wrap-0 .kt-button:focus{background:#444444;}<\/style>\n<div class=\"wp-block-kadence-advancedbtn kb-buttons-wrap kb-btns2041_19f1ba-af\"><style>ul.menu .wp-block-kadence-advancedbtn .kb-btn2041_1e931d-8b.kb-button{width:initial;}.wp-block-kadence-advancedbtn .kb-btn2041_1e931d-8b.kb-button{color:#ffffff;}<\/style><a class=\"kb-button kt-button button kb-btn2041_1e931d-8b kt-btn-size-standard kt-btn-width-type-auto kb-btn-global-fill  kt-btn-has-text-true kt-btn-has-svg-false  wp-block-kadence-singlebtn\" href=\"http:\/\/quickconnect.to\/lurejunks\" target=\"_blank\" rel=\"noopener\"><span class=\"kt-btn-inner-text\">H\u00c4NDLER LOGIN<\/span><\/a><\/div>\n\n\n<style>.wp-block-kadence-advanced-form2182-cpt-id{background:var(--global-palette7, #EDF2F7);}.wp-block-kadence-advanced-form2182-cpt-id .kb-advanced-form{gap:var(--global-kb-gap-sm, 1rem);}.wp-block-kadence-advanced-form2182-cpt-id .kb-advanced-form input[type=text],.wp-block-kadence-advanced-form2182-cpt-id .kb-advanced-form input[type=tel],.wp-block-kadence-advanced-form2182-cpt-id .kb-advanced-form input[type=number],.wp-block-kadence-advanced-form2182-cpt-id .kb-advanced-form input[type=date],.wp-block-kadence-advanced-form2182-cpt-id .kb-advanced-form input[type=time],.wp-block-kadence-advanced-form2182-cpt-id .kb-advanced-form input[type=email],.wp-block-kadence-advanced-form2182-cpt-id .kb-advanced-form input[type=file],.wp-block-kadence-advanced-form2182-cpt-id .kb-advanced-form select,.wp-block-kadence-advanced-form2182-cpt-id .kb-advanced-form textarea{border-top:1px solid var(--global-palette6, #718096);border-right:1px solid var(--global-palette6, #718096);border-bottom:1px solid var(--global-palette6, #718096);border-left:1px solid var(--global-palette6, #718096);}.wp-block-kadence-advanced-form2182-cpt-id{color-scheme:dark;--kb-form-background-color:#2c2a2a;--kb-form-border-width:1px;--kb-form-border-color:var(--global-palette6, #718096);}.wp-block-kadence-advanced-form2182-cpt-id input[type=text]:focus,.wp-block-kadence-advanced-form2182-cpt-id input[type=email]:focus,.wp-block-kadence-advanced-form2182-cpt-id input[type=tel]:focus,.wp-block-kadence-advanced-form2182-cpt-id input[type=date]:focus,.wp-block-kadence-advanced-form2182-cpt-id input[type=number]:focus,.wp-block-kadence-advanced-form2182-cpt-id input[type=time]:focus,.wp-block-kadence-advanced-form2182-cpt-id input[type=file]:focus,.wp-block-kadence-advanced-form2182-cpt-id select:focus,.wp-block-kadence-advanced-form2182-cpt-id textarea:focus{border-color:var(--global-palette7, #EDF2F7);}.wp-block-kadence-advanced-form2182-cpt-id .kb-adv-form-field .kb-adv-form-label{color:var(--global-palette9, #ffffff);}@media all and (max-width: 1024px){.wp-block-kadence-advanced-form2182-cpt-id .kb-advanced-form input[type=text],.wp-block-kadence-advanced-form2182-cpt-id .kb-advanced-form input[type=tel],.wp-block-kadence-advanced-form2182-cpt-id .kb-advanced-form input[type=number],.wp-block-kadence-advanced-form2182-cpt-id .kb-advanced-form input[type=date],.wp-block-kadence-advanced-form2182-cpt-id .kb-advanced-form input[type=time],.wp-block-kadence-advanced-form2182-cpt-id .kb-advanced-form input[type=email],.wp-block-kadence-advanced-form2182-cpt-id .kb-advanced-form input[type=file],.wp-block-kadence-advanced-form2182-cpt-id .kb-advanced-form select,.wp-block-kadence-advanced-form2182-cpt-id .kb-advanced-form textarea{border-top:1px solid var(--global-palette6, #718096);border-right:1px solid var(--global-palette6, #718096);border-bottom:1px solid var(--global-palette6, #718096);border-left:1px solid var(--global-palette6, #718096);}}@media all and (max-width: 767px){.wp-block-kadence-advanced-form2182-cpt-id .kb-advanced-form input[type=text],.wp-block-kadence-advanced-form2182-cpt-id .kb-advanced-form input[type=tel],.wp-block-kadence-advanced-form2182-cpt-id .kb-advanced-form input[type=number],.wp-block-kadence-advanced-form2182-cpt-id .kb-advanced-form input[type=date],.wp-block-kadence-advanced-form2182-cpt-id .kb-advanced-form input[type=time],.wp-block-kadence-advanced-form2182-cpt-id .kb-advanced-form input[type=email],.wp-block-kadence-advanced-form2182-cpt-id .kb-advanced-form input[type=file],.wp-block-kadence-advanced-form2182-cpt-id .kb-advanced-form select,.wp-block-kadence-advanced-form2182-cpt-id .kb-advanced-form textarea{border-top:1px solid var(--global-palette6, #718096);border-right:1px solid var(--global-palette6, #718096);border-bottom:1px solid var(--global-palette6, #718096);border-left:1px solid var(--global-palette6, #718096);}}<\/style><div class=\"wp-block-kadence-advanced-form wp-block-kadence-advanced-form2182-cpt-id kb-adv-form-label-style-normal kb-adv-form-input-size-small kb-form-basic-style kb-form-is-dark kb-form-has-background wp-block-kadence-advanced-form\"><form id=\"kb-adv-form-2182-cpt-id\" class=\"kb-advanced-form\" method=\"post\">\n<style>.kb-row-layout-id2041_02c75c-ad > .kt-row-column-wrap{align-content:start;}:where(.kb-row-layout-id2041_02c75c-ad > .kt-row-column-wrap) > .wp-block-kadence-column{justify-content:start;}.kb-row-layout-id2041_02c75c-ad > .kt-row-column-wrap{column-gap:var(--global-kb-gap-md, 2rem);row-gap:var(--global-kb-gap-md, 2rem);padding-top:0px;padding-right:0px;padding-bottom:0px;padding-left:0px;grid-template-columns:repeat(2, minmax(0, 1fr));}.kb-row-layout-id2041_02c75c-ad > .kt-row-layout-overlay{opacity:0.30;}@media all and (max-width: 1024px){.kb-row-layout-id2041_02c75c-ad > .kt-row-column-wrap{grid-template-columns:repeat(2, minmax(0, 1fr));}}@media all and (max-width: 767px){.kb-row-layout-id2041_02c75c-ad > .kt-row-column-wrap{grid-template-columns:minmax(0, 1fr);}}<\/style><div class=\"kb-row-layout-wrap kb-row-layout-id2041_02c75c-ad alignnone wp-block-kadence-rowlayout\"><div class=\"kt-row-column-wrap kt-has-2-columns kt-row-layout-equal kt-tab-layout-inherit kt-mobile-layout-row kt-row-valign-top\">\n<style>.kadence-column2041_ede053-4d > .kt-inside-inner-col,.kadence-column2041_ede053-4d > .kt-inside-inner-col:before{border-top-left-radius:0px;border-top-right-radius:0px;border-bottom-right-radius:0px;border-bottom-left-radius:0px;}.kadence-column2041_ede053-4d > .kt-inside-inner-col{column-gap:var(--global-kb-gap-sm, 1rem);}.kadence-column2041_ede053-4d > .kt-inside-inner-col{flex-direction:column;}.kadence-column2041_ede053-4d > .kt-inside-inner-col > .aligncenter{width:100%;}.kadence-column2041_ede053-4d > .kt-inside-inner-col:before{opacity:0.3;}.kadence-column2041_ede053-4d{position:relative;}@media all and (max-width: 1024px){.kadence-column2041_ede053-4d > .kt-inside-inner-col{flex-direction:column;justify-content:center;}}@media all and (max-width: 767px){.kadence-column2041_ede053-4d > .kt-inside-inner-col{flex-direction:column;justify-content:center;}}<\/style>\n<div class=\"wp-block-kadence-column kadence-column2041_ede053-4d\"><div class=\"kt-inside-inner-col\"><div class=\"kb-adv-form-field kb-adv-form-text-type-input kb-adv-form-infield-type-input kb-field2182964675-4f wp-block-kadence-advanced-form-text\"><label class=\"kb-adv-form-label\" for=\"field2182964675-4f\">Vor- &#038; Nachname<\/label><input name=\"field964675-4f\" id=\"field2182964675-4f\" data-label=\"Vor- &amp; Nachname\" type=\"text\" placeholder=\"\" value=\"\" data-type=\"text\" class=\"kb-field kb-text-field\" data-required=\"no\" \/><\/div>\n\n<div class=\"kb-adv-form-field kb-adv-form-text-type-input kb-adv-form-infield-type-input kb-field218278db25-b4 wp-block-kadence-advanced-form-text\"><label class=\"kb-adv-form-label\" for=\"field218278db25-b4\">Firmenname<\/label><input name=\"field78db25-b4\" id=\"field218278db25-b4\" data-label=\"Firmenname\" type=\"text\" placeholder=\"\" value=\"\" data-type=\"text\" class=\"kb-field kb-text-field\" data-required=\"no\" \/><\/div>\n\n<div class=\"kb-adv-form-field kb-adv-form-text-type-input kb-adv-form-infield-type-input kb-field2182ba562e-b4 wp-block-kadence-advanced-form-text\"><label class=\"kb-adv-form-label\" for=\"field2182ba562e-b4\">Steuernummer<\/label><input name=\"fieldba562e-b4\" id=\"field2182ba562e-b4\" data-label=\"Steuernummer\" type=\"text\" placeholder=\"\" value=\"\" data-type=\"text\" class=\"kb-field kb-text-field\" data-required=\"no\" \/><\/div>\n\n<div class=\"kb-adv-form-field kb-adv-form-text-type-input kb-adv-form-infield-type-input kb-field2182a4f509-09 wp-block-kadence-advanced-form-text\"><label class=\"kb-adv-form-label\" for=\"field2182a4f509-09\">Website<\/label><input name=\"fielda4f509-09\" id=\"field2182a4f509-09\" data-label=\"Website\" type=\"text\" placeholder=\"\" value=\"\" data-type=\"text\" class=\"kb-field kb-text-field\" data-required=\"no\" \/><\/div><\/div><\/div>\n\n\n<style>.kadence-column2041_f39b3d-2a > .kt-inside-inner-col{display:flex;}.kadence-column2041_f39b3d-2a > .kt-inside-inner-col,.kadence-column2041_f39b3d-2a > .kt-inside-inner-col:before{border-top-left-radius:0px;border-top-right-radius:0px;border-bottom-right-radius:0px;border-bottom-left-radius:0px;}.kadence-column2041_f39b3d-2a > .kt-inside-inner-col{row-gap:var(--global-kb-gap-none, 0rem );column-gap:var(--global-kb-gap-sm, 1rem);}.kadence-column2041_f39b3d-2a > .kt-inside-inner-col{flex-direction:column;}.kadence-column2041_f39b3d-2a > .kt-inside-inner-col > .aligncenter{width:100%;}.kadence-column2041_f39b3d-2a > .kt-inside-inner-col:before{opacity:0.3;}.kadence-column2041_f39b3d-2a{position:relative;}@media all and (max-width: 1024px){.kadence-column2041_f39b3d-2a > .kt-inside-inner-col{flex-direction:column;justify-content:center;}}@media all and (max-width: 767px){.kadence-column2041_f39b3d-2a > .kt-inside-inner-col{flex-direction:column;justify-content:center;}}<\/style>\n<div class=\"wp-block-kadence-column kadence-column2041_f39b3d-2a\"><div class=\"kt-inside-inner-col\"><div class=\"kb-adv-form-field kb-adv-form-text-type-input kb-adv-form-infield-type-input kb-field2182887408-57 wp-block-kadence-advanced-form-email\"><label class=\"kb-adv-form-label\" for=\"field2182887408-57\">E-Mail<span class=\"kb-adv-form-required\">*<\/span><\/label><input name=\"field887408-57\" id=\"field2182887408-57\" data-label=\"E-Mail\" type=\"email\" placeholder=\"\" value=\"\" data-type=\"email\" class=\"kb-field kb-email-field\" data-required=\"yes\" required aria-required=\"true\"\/><\/div><\/div><\/div>\n\n<\/div><\/div>\n\n<style>.kb-row-layout-id2041_e6f3c1-fc > .kt-row-column-wrap{align-content:start;}:where(.kb-row-layout-id2041_e6f3c1-fc > .kt-row-column-wrap) > .wp-block-kadence-column{justify-content:start;}.kb-row-layout-id2041_e6f3c1-fc > .kt-row-column-wrap{column-gap:var(--global-kb-gap-md, 2rem);row-gap:var(--global-kb-gap-md, 2rem);padding-top:0px;padding-right:0px;padding-bottom:0px;padding-left:0px;grid-template-columns:repeat(2, minmax(0, 1fr));}.kb-row-layout-id2041_e6f3c1-fc > .kt-row-layout-overlay{opacity:0.30;}@media all and (max-width: 1024px){.kb-row-layout-id2041_e6f3c1-fc > .kt-row-column-wrap{grid-template-columns:repeat(2, minmax(0, 1fr));}}@media all and (max-width: 767px){.kb-row-layout-id2041_e6f3c1-fc > .kt-row-column-wrap{grid-template-columns:minmax(0, 1fr);}}<\/style><div class=\"kb-row-layout-wrap kb-row-layout-id2041_e6f3c1-fc alignnone wp-block-kadence-rowlayout\"><div class=\"kt-row-column-wrap kt-has-2-columns kt-row-layout-equal kt-tab-layout-inherit kt-mobile-layout-row kt-row-valign-top\">\n<style>.kadence-column2041_9bf882-21 > .kt-inside-inner-col,.kadence-column2041_9bf882-21 > .kt-inside-inner-col:before{border-top-left-radius:0px;border-top-right-radius:0px;border-bottom-right-radius:0px;border-bottom-left-radius:0px;}.kadence-column2041_9bf882-21 > .kt-inside-inner-col{column-gap:var(--global-kb-gap-sm, 1rem);}.kadence-column2041_9bf882-21 > .kt-inside-inner-col{flex-direction:column;}.kadence-column2041_9bf882-21 > .kt-inside-inner-col > .aligncenter{width:100%;}.kadence-column2041_9bf882-21 > .kt-inside-inner-col:before{opacity:0.3;}.kadence-column2041_9bf882-21{position:relative;}@media all and (max-width: 1024px){.kadence-column2041_9bf882-21 > .kt-inside-inner-col{flex-direction:column;justify-content:center;}}@media all and (max-width: 767px){.kadence-column2041_9bf882-21 > .kt-inside-inner-col{flex-direction:column;justify-content:center;}}<\/style>\n<div class=\"wp-block-kadence-column kadence-column2041_9bf882-21\"><div class=\"kt-inside-inner-col\"><\/div><\/div>\n\n\n<style>.kadence-column2041_17045f-58 > .kt-inside-inner-col,.kadence-column2041_17045f-58 > .kt-inside-inner-col:before{border-top-left-radius:0px;border-top-right-radius:0px;border-bottom-right-radius:0px;border-bottom-left-radius:0px;}.kadence-column2041_17045f-58 > .kt-inside-inner-col{column-gap:var(--global-kb-gap-sm, 1rem);}.kadence-column2041_17045f-58 > .kt-inside-inner-col{flex-direction:column;}.kadence-column2041_17045f-58 > .kt-inside-inner-col > .aligncenter{width:100%;}.kadence-column2041_17045f-58 > .kt-inside-inner-col:before{opacity:0.3;}.kadence-column2041_17045f-58{position:relative;}@media all and (max-width: 1024px){.kadence-column2041_17045f-58 > .kt-inside-inner-col{flex-direction:column;justify-content:center;}}@media all and (max-width: 767px){.kadence-column2041_17045f-58 > .kt-inside-inner-col{flex-direction:column;justify-content:center;}}<\/style>\n<div class=\"wp-block-kadence-column kadence-column2041_17045f-58\"><div class=\"kt-inside-inner-col\"><div class=\"kb-adv-form-field kb-adv-form-infield-type-input kb-field21825615b1-14 wp-block-kadence-advanced-form-select\"><label class=\"kb-adv-form-label\" for=\"field21825615b1-14\">Option<\/label><select  name=\"field5615b1-14\" id=\"field21825615b1-14\" ><option value=\"Ich w\u00fcrde gerne LureJunks Produkte in meinem Sortiment aufnehmen.\">Ich w\u00fcrde gerne LureJunks Produkte in meinem Sortiment aufnehmen.<\/option><option value=\"Mein H\u00e4ndler f\u00fchrt keine LureJunks Produkte\">Mein H\u00e4ndler f\u00fchrt keine LureJunks Produkte<\/option><\/select><\/div><\/div><\/div>\n\n<\/div><\/div>\n\n<div class=\"kb-adv-form-field kb-adv-form-text-type-input kb-adv-form-infield-type-input kb-field218269255b-11 wp-block-kadence-advanced-form-textarea\"><label class=\"kb-adv-form-label\" for=\"field218269255b-11\">Nachricht<span class=\"kb-adv-form-required\">*<\/span><\/label><textarea name=\"field69255b-11\" id=\"field218269255b-11\" rows=\"10\"  data-label=\"Nachricht\" placeholder=\"\" data-type=\"textarea\" class=\"kb-field kb-textarea-field\" data-required=\"yes\" required aria-required=\"true\"><\/textarea><\/div>\n\n<style>ul.menu .kb-submit-field .kb-btn4aefd4-13.kb-button{width:initial;}.kb-submit-field .kb-btn4aefd4-13.kb-button{color:var(--global-palette3, #1A202C);}.kb-submit-field.kb-field4aefd4-13{justify-content:flex-start;}<\/style><div class=\"kb-adv-form-field kb-submit-field kb-field4aefd4-13 wp-block-kadence-advanced-form-submit\"><button class=\"kb-button kt-button button kb-adv-form-submit-button kb-btn4aefd4-13 kt-btn-size-standard kt-btn-width-type-auto kb-btn-global-fill kt-btn-has-text-true kt-btn-has-svg-false\" type=\"submit\"><span class=\"kt-btn-inner-text\">ABSCHICKEN<\/span><\/button><\/div>\n<input type=\"hidden\" name=\"_kb_adv_form_post_id\" value=\"2182\"><input type=\"hidden\" name=\"action\" value=\"kb_process_advanced_form_submit\"><input type=\"hidden\" name=\"_kb_adv_form_id\" value=\"2182-cpt-id\"><\/form><\/div>\n\n\n<p><\/p>\n","protected":false},"excerpt":{"rendered":"<p>H\u00e4ndler in deiner N\u00e4he. Unsere Produkte bekommst du nicht im Direktvertrieb, sondern im gut sortierten Fachhandel in ganz Europa.Du bist H\u00e4ndler und m\u00f6chtest Lurejunks ins Sortiment aufnehmen?Dann kontaktiere uns gerne.<\/p>","protected":false},"author":1,"featured_media":0,"parent":0,"menu_order":0,"comment_status":"closed","ping_status":"closed","template":"","meta":{"_kad_blocks_custom_css":"","_kad_blocks_head_custom_js":"","_kad_blocks_body_custom_js":"","_kad_blocks_footer_custom_js":"","_kadence_starter_templates_imported_post":false,"_kad_post_transparent":"","_kad_post_title":"","_kad_post_layout":"","_kad_post_sidebar_id":"","_kad_post_content_style":"","_kad_post_vertical_padding":"","_kad_post_feature":"","_kad_post_feature_position":"","_kad_post_header":false,"_kad_post_footer":false,"_kad_post_classname":"","footnotes":""},"class_list":["post-2041","page","type-page","status-publish","hentry"],"taxonomy_info":[],"featured_image_src_large":false,"author_info":{"display_name":"admin","author_link":"https:\/\/www.lurejunks.de\/en\/author\/admin\/"},"comment_info":0,"_links":{"self":[{"href":"https:\/\/www.lurejunks.de\/en\/wp-json\/wp\/v2\/pages\/2041","targetHints":{"allow":["GET"]}}],"collection":[{"href":"https:\/\/www.lurejunks.de\/en\/wp-json\/wp\/v2\/pages"}],"about":[{"href":"https:\/\/www.lurejunks.de\/en\/wp-json\/wp\/v2\/types\/page"}],"author":[{"embeddable":true,"href":"https:\/\/www.lurejunks.de\/en\/wp-json\/wp\/v2\/users\/1"}],"replies":[{"embeddable":true,"href":"https:\/\/www.lurejunks.de\/en\/wp-json\/wp\/v2\/comments?post=2041"}],"version-history":[{"count":10,"href":"https:\/\/www.lurejunks.de\/en\/wp-json\/wp\/v2\/pages\/2041\/revisions"}],"predecessor-version":[{"id":2186,"href":"https:\/\/www.lurejunks.de\/en\/wp-json\/wp\/v2\/pages\/2041\/revisions\/2186"}],"wp:attachment":[{"href":"https:\/\/www.lurejunks.de\/en\/wp-json\/wp\/v2\/media?parent=2041"}],"curies":[{"name":"wp","href":"https:\/\/api.w.org\/{rel}","templated":true}]}}